{"id":4021,"date":"2026-03-18T11:56:04","date_gmt":"2026-03-18T11:56:04","guid":{"rendered":"https:\/\/jg.monogramma.hu\/kasse\/"},"modified":"2026-03-29T13:09:52","modified_gmt":"2026-03-29T13:09:52","slug":"kasse","status":"publish","type":"page","link":"https:\/\/www.jglobe.hu\/de\/kasse\/","title":{"rendered":"Kasse"},"content":{"rendered":"\n<div data-block-name=\"woocommerce\/checkout\" class=\"wp-block-woocommerce-checkout alignwide wc-block-checkout is-loading\">\n<div data-block-name=\"woocommerce\/checkout-fields-block\" class=\"wp-block-woocommerce-checkout-fields-block\">\n<div data-block-name=\"woocommerce\/checkout-express-payment-block\" class=\"wp-block-woocommerce-checkout-express-payment-block\"><\/div>\n\n\n\n<div data-block-name=\"woocommerce\/checkout-contact-information-block\" class=\"wp-block-woocommerce-checkout-contact-information-block\"><\/div>\n\n\n\n<div data-block-name=\"woocommerce\/checkout-shipping-method-block\" class=\"wp-block-woocommerce-checkout-shipping-method-block\"><\/div>\n\n\n\n<div data-block-name=\"woocommerce\/checkout-pickup-options-block\" class=\"wp-block-woocommerce-checkout-pickup-options-block\"><\/div>\n\n\n\n<div data-block-name=\"woocommerce\/checkout-shipping-address-block\" class=\"wp-block-woocommerce-checkout-shipping-address-block\"><\/div>\n\n\n\n<div data-block-name=\"woocommerce\/checkout-billing-address-block\" class=\"wp-block-woocommerce-checkout-billing-address-block\"><\/div>\n\n\n\n<div data-block-name=\"woocommerce\/checkout-shipping-methods-block\" class=\"wp-block-woocommerce-checkout-shipping-methods-block\"><\/div>\n\n\n\n<div data-block-name=\"woocommerce\/checkout-payment-block\" class=\"wp-block-woocommerce-checkout-payment-block\"><\/div>\n\n\n\n<div data-block-name=\"woocommerce\/checkout-additional-information-block\" class=\"wp-block-woocommerce-checkout-additional-information-block\"><\/div>\n\n\n\n<div data-block-name=\"woocommerce\/checkout-order-note-block\" class=\"wp-block-woocommerce-checkout-order-note-block\"><\/div>\n\n\n\n<div data-block-name=\"woocommerce\/checkout-terms-block\" class=\"wp-block-woocommerce-checkout-terms-block\"><\/div>\n\n\n\n<div data-block-name=\"woocommerce\/checkout-actions-block\" class=\"wp-block-woocommerce-checkout-actions-block\"><\/div>\n<\/div>\n\n\n\n<div data-block-name=\"woocommerce\/checkout-totals-block\" class=\"wp-block-woocommerce-checkout-totals-block\">\n<div data-block-name=\"woocommerce\/checkout-order-summary-block\" class=\"wp-block-woocommerce-checkout-order-summary-block\">\n<div data-block-name=\"woocommerce\/checkout-order-summary-cart-items-block\" class=\"wp-block-woocommerce-checkout-order-summary-cart-items-block\"><\/div><div data-block-name=\"woocommerce\/checkout-order-summary-coupon-form-block\" class=\"wp-block-woocommerce-checkout-order-summary-coupon-form-block\"><\/div><div data-block-name=\"woocommerce\/checkout-order-summary-totals-block\" class=\"wp-block-woocommerce-checkout-order-summary-totals-block\">\n<div data-block-name=\"woocommerce\/checkout-order-summary-subtotal-block\" class=\"wp-block-woocommerce-checkout-order-summary-subtotal-block\"><\/div>\n<div data-block-name=\"woocommerce\/checkout-order-summary-discount-block\" class=\"wp-block-woocommerce-checkout-order-summary-discount-block\"><\/div>\n<div data-block-name=\"woocommerce\/checkout-order-summary-fee-block\" class=\"wp-block-woocommerce-checkout-order-summary-fee-block\"><\/div>\n<div data-block-name=\"woocommerce\/checkout-order-summary-shipping-block\" class=\"wp-block-woocommerce-checkout-order-summary-shipping-block\"><\/div>\n<div data-block-name=\"woocommerce\/checkout-order-summary-taxes-block\" class=\"wp-block-woocommerce-checkout-order-summary-taxes-block\"><\/div><\/div>\n<\/div>\n<\/div>\n<\/div>\n","protected":false},"excerpt":{"rendered":"","protected":false},"author":4,"featured_media":0,"parent":0,"menu_order":0,"comment_status":"closed","ping_status":"closed","template":"","meta":{"footnotes":""},"class_list":["post-4021","page","type-page","status-publish","hentry"],"yoast_head":"<!-- This site is optimized with the Yoast SEO plugin v27.4 - https:\/\/yoast.com\/product\/yoast-seo-wordpress\/ -->\n<title>Kasse - Julius-Globe<\/title>\n<meta name=\"robots\" content=\"index, follow, max-snippet:-1, max-image-preview:large, max-video-preview:-1\" \/>\n<link rel=\"canonical\" href=\"https:\/\/www.jglobe.hu\/de\/kasse\/\" \/>\n<meta property=\"og:locale\" content=\"de_DE\" \/>\n<meta property=\"og:type\" content=\"article\" \/>\n<meta property=\"og:title\" content=\"Kasse - Julius-Globe\" \/>\n<meta property=\"og:url\" content=\"https:\/\/www.jglobe.hu\/de\/kasse\/\" \/>\n<meta property=\"og:site_name\" content=\"Julius-Globe\" \/>\n<meta property=\"article:publisher\" content=\"https:\/\/www.facebook.com\/juliusglobekft\/?locale=hu_HU\" \/>\n<meta property=\"article:modified_time\" content=\"2026-03-29T13:09:52+00:00\" \/>\n<meta name=\"twitter:card\" content=\"summary_large_image\" \/>\n<script type=\"application\/ld+json\" class=\"yoast-schema-graph\">{\"@context\":\"https:\\\/\\\/schema.org\",\"@graph\":[{\"@type\":\"WebPage\",\"@id\":\"https:\\\/\\\/www.jglobe.hu\\\/de\\\/kasse\\\/\",\"url\":\"https:\\\/\\\/www.jglobe.hu\\\/de\\\/kasse\\\/\",\"name\":\"Kasse - Julius-Globe\",\"isPartOf\":{\"@id\":\"https:\\\/\\\/www.jglobe.hu\\\/#website\"},\"datePublished\":\"2026-03-18T11:56:04+00:00\",\"dateModified\":\"2026-03-29T13:09:52+00:00\",\"breadcrumb\":{\"@id\":\"https:\\\/\\\/www.jglobe.hu\\\/de\\\/kasse\\\/#breadcrumb\"},\"inLanguage\":\"de\",\"potentialAction\":[{\"@type\":\"ReadAction\",\"target\":[\"https:\\\/\\\/www.jglobe.hu\\\/de\\\/kasse\\\/\"]}]},{\"@type\":\"BreadcrumbList\",\"@id\":\"https:\\\/\\\/www.jglobe.hu\\\/de\\\/kasse\\\/#breadcrumb\",\"itemListElement\":[{\"@type\":\"ListItem\",\"position\":1,\"name\":\"Kezd\u0151lap\",\"item\":\"https:\\\/\\\/www.jglobe.hu\\\/de\\\/\"},{\"@type\":\"ListItem\",\"position\":2,\"name\":\"Kasse\"}]},{\"@type\":\"WebSite\",\"@id\":\"https:\\\/\\\/www.jglobe.hu\\\/#website\",\"url\":\"https:\\\/\\\/www.jglobe.hu\\\/\",\"name\":\"Julius-Globe\",\"description\":\"A NAVIGATOR f\u00e9mipari tud\u00e1sk\u00f6zpontja\",\"publisher\":{\"@id\":\"https:\\\/\\\/www.jglobe.hu\\\/#organization\"},\"potentialAction\":[{\"@type\":\"SearchAction\",\"target\":{\"@type\":\"EntryPoint\",\"urlTemplate\":\"https:\\\/\\\/www.jglobe.hu\\\/?s={search_term_string}\"},\"query-input\":{\"@type\":\"PropertyValueSpecification\",\"valueRequired\":true,\"valueName\":\"search_term_string\"}}],\"inLanguage\":\"de\"},{\"@type\":\"Organization\",\"@id\":\"https:\\\/\\\/www.jglobe.hu\\\/#organization\",\"name\":\"Julius-Globe\",\"url\":\"https:\\\/\\\/www.jglobe.hu\\\/\",\"logo\":{\"@type\":\"ImageObject\",\"inLanguage\":\"de\",\"@id\":\"https:\\\/\\\/www.jglobe.hu\\\/#\\\/schema\\\/logo\\\/image\\\/\",\"url\":\"https:\\\/\\\/www.jglobe.hu\\\/wp-content\\\/uploads\\\/2026\\\/03\\\/JG-fekvo-szines-kicsi.png\",\"contentUrl\":\"https:\\\/\\\/www.jglobe.hu\\\/wp-content\\\/uploads\\\/2026\\\/03\\\/JG-fekvo-szines-kicsi.png\",\"width\":2484,\"height\":1069,\"caption\":\"Julius-Globe\"},\"image\":{\"@id\":\"https:\\\/\\\/www.jglobe.hu\\\/#\\\/schema\\\/logo\\\/image\\\/\"},\"sameAs\":[\"https:\\\/\\\/www.facebook.com\\\/juliusglobekft\\\/?locale=hu_HU\"]}]}<\/script>\n<!-- \/ Yoast SEO plugin. -->","yoast_head_json":{"title":"Kasse - Julius-Globe","robots":{"index":"index","follow":"follow","max-snippet":"max-snippet:-1","max-image-preview":"max-image-preview:large","max-video-preview":"max-video-preview:-1"},"canonical":"https:\/\/www.jglobe.hu\/de\/kasse\/","og_locale":"de_DE","og_type":"article","og_title":"Kasse - Julius-Globe","og_url":"https:\/\/www.jglobe.hu\/de\/kasse\/","og_site_name":"Julius-Globe","article_publisher":"https:\/\/www.facebook.com\/juliusglobekft\/?locale=hu_HU","article_modified_time":"2026-03-29T13:09:52+00:00","twitter_card":"summary_large_image","schema":{"@context":"https:\/\/schema.org","@graph":[{"@type":"WebPage","@id":"https:\/\/www.jglobe.hu\/de\/kasse\/","url":"https:\/\/www.jglobe.hu\/de\/kasse\/","name":"Kasse - Julius-Globe","isPartOf":{"@id":"https:\/\/www.jglobe.hu\/#website"},"datePublished":"2026-03-18T11:56:04+00:00","dateModified":"2026-03-29T13:09:52+00:00","breadcrumb":{"@id":"https:\/\/www.jglobe.hu\/de\/kasse\/#breadcrumb"},"inLanguage":"de","potentialAction":[{"@type":"ReadAction","target":["https:\/\/www.jglobe.hu\/de\/kasse\/"]}]},{"@type":"BreadcrumbList","@id":"https:\/\/www.jglobe.hu\/de\/kasse\/#breadcrumb","itemListElement":[{"@type":"ListItem","position":1,"name":"Kezd\u0151lap","item":"https:\/\/www.jglobe.hu\/de\/"},{"@type":"ListItem","position":2,"name":"Kasse"}]},{"@type":"WebSite","@id":"https:\/\/www.jglobe.hu\/#website","url":"https:\/\/www.jglobe.hu\/","name":"Julius-Globe","description":"A NAVIGATOR f\u00e9mipari tud\u00e1sk\u00f6zpontja","publisher":{"@id":"https:\/\/www.jglobe.hu\/#organization"},"potentialAction":[{"@type":"SearchAction","target":{"@type":"EntryPoint","urlTemplate":"https:\/\/www.jglobe.hu\/?s={search_term_string}"},"query-input":{"@type":"PropertyValueSpecification","valueRequired":true,"valueName":"search_term_string"}}],"inLanguage":"de"},{"@type":"Organization","@id":"https:\/\/www.jglobe.hu\/#organization","name":"Julius-Globe","url":"https:\/\/www.jglobe.hu\/","logo":{"@type":"ImageObject","inLanguage":"de","@id":"https:\/\/www.jglobe.hu\/#\/schema\/logo\/image\/","url":"https:\/\/www.jglobe.hu\/wp-content\/uploads\/2026\/03\/JG-fekvo-szines-kicsi.png","contentUrl":"https:\/\/www.jglobe.hu\/wp-content\/uploads\/2026\/03\/JG-fekvo-szines-kicsi.png","width":2484,"height":1069,"caption":"Julius-Globe"},"image":{"@id":"https:\/\/www.jglobe.hu\/#\/schema\/logo\/image\/"},"sameAs":["https:\/\/www.facebook.com\/juliusglobekft\/?locale=hu_HU"]}]}},"_links":{"self":[{"href":"https:\/\/www.jglobe.hu\/de\/wp-json\/wp\/v2\/pages\/4021","targetHints":{"allow":["GET"]}}],"collection":[{"href":"https:\/\/www.jglobe.hu\/de\/wp-json\/wp\/v2\/pages"}],"about":[{"href":"https:\/\/www.jglobe.hu\/de\/wp-json\/wp\/v2\/types\/page"}],"author":[{"embeddable":true,"href":"https:\/\/www.jglobe.hu\/de\/wp-json\/wp\/v2\/users\/4"}],"replies":[{"embeddable":true,"href":"https:\/\/www.jglobe.hu\/de\/wp-json\/wp\/v2\/comments?post=4021"}],"version-history":[{"count":0,"href":"https:\/\/www.jglobe.hu\/de\/wp-json\/wp\/v2\/pages\/4021\/revisions"}],"wp:attachment":[{"href":"https:\/\/www.jglobe.hu\/de\/wp-json\/wp\/v2\/media?parent=4021"}],"curies":[{"name":"wp","href":"https:\/\/api.w.org\/{rel}","templated":true}]}}