{"id":4797,"date":"2026-03-23T08:43:34","date_gmt":"2026-03-23T08:43:34","guid":{"rendered":"https:\/\/www.jglobe.hu\/product\/positioning-feet-steel-hexagonal-external-thread-type-a\/"},"modified":"2026-03-23T08:43:34","modified_gmt":"2026-03-23T08:43:34","slug":"positioning-feet-steel-hexagonal-external-thread-type-a","status":"publish","type":"product","link":"https:\/\/www.jglobe.hu\/en\/product\/positioning-feet-steel-hexagonal-external-thread-type-a\/","title":{"rendered":"Positioning feet, steel hexagonal, external thread type A"},"content":{"rendered":"","protected":false},"excerpt":{"rendered":"","protected":false},"featured_media":3860,"template":"","meta":[],"product_brand":[],"product_cat":[119],"product_tag":[120],"class_list":{"0":"post-4797","1":"product","2":"type-product","3":"status-publish","4":"has-post-thumbnail","6":"product_cat-machine-construction-elements","7":"product_tag-norelem","9":"first","10":"instock","11":"shipping-taxable","12":"purchasable","13":"product-type-simple"},"yoast_head":"<!-- This site is optimized with the Yoast SEO plugin v27.4 - https:\/\/yoast.com\/product\/yoast-seo-wordpress\/ -->\n<title>Positioning feet, steel hexagonal, external thread type A - Julius-Globe<\/title>\n<meta name=\"robots\" content=\"index, follow, max-snippet:-1, max-image-preview:large, max-video-preview:-1\" \/>\n<link rel=\"canonical\" href=\"https:\/\/www.jglobe.hu\/en\/product\/positioning-feet-steel-hexagonal-external-thread-type-a\/\" \/>\n<meta property=\"og:locale\" content=\"en_US\" \/>\n<meta property=\"og:type\" content=\"article\" \/>\n<meta property=\"og:title\" content=\"Positioning feet, steel hexagonal, external thread type A - Julius-Globe\" \/>\n<meta property=\"og:url\" content=\"https:\/\/www.jglobe.hu\/en\/product\/positioning-feet-steel-hexagonal-external-thread-type-a\/\" \/>\n<meta property=\"og:site_name\" content=\"Julius-Globe\" \/>\n<meta property=\"article:publisher\" content=\"https:\/\/www.facebook.com\/juliusglobekft\/?locale=hu_HU\" \/>\n<meta property=\"og:image\" content=\"https:\/\/www.jglobe.hu\/wp-content\/uploads\/2026\/03\/17-scaled.jpg\" \/>\n\t<meta property=\"og:image:width\" content=\"1928\" \/>\n\t<meta property=\"og:image:height\" content=\"2560\" \/>\n\t<meta property=\"og:image:type\" content=\"image\/jpeg\" \/>\n<meta name=\"twitter:card\" content=\"summary_large_image\" \/>\n<script type=\"application\/ld+json\" class=\"yoast-schema-graph\">{\"@context\":\"https:\\\/\\\/schema.org\",\"@graph\":[{\"@type\":\"WebPage\",\"@id\":\"https:\\\/\\\/www.jglobe.hu\\\/en\\\/product\\\/positioning-feet-steel-hexagonal-external-thread-type-a\\\/\",\"url\":\"https:\\\/\\\/www.jglobe.hu\\\/en\\\/product\\\/positioning-feet-steel-hexagonal-external-thread-type-a\\\/\",\"name\":\"Positioning feet, steel hexagonal, external thread type A - Julius-Globe\",\"isPartOf\":{\"@id\":\"https:\\\/\\\/www.jglobe.hu\\\/#website\"},\"primaryImageOfPage\":{\"@id\":\"https:\\\/\\\/www.jglobe.hu\\\/en\\\/product\\\/positioning-feet-steel-hexagonal-external-thread-type-a\\\/#primaryimage\"},\"image\":{\"@id\":\"https:\\\/\\\/www.jglobe.hu\\\/en\\\/product\\\/positioning-feet-steel-hexagonal-external-thread-type-a\\\/#primaryimage\"},\"thumbnailUrl\":\"https:\\\/\\\/www.jglobe.hu\\\/wp-content\\\/uploads\\\/2026\\\/03\\\/17-scaled.jpg\",\"datePublished\":\"2026-03-23T08:43:34+00:00\",\"breadcrumb\":{\"@id\":\"https:\\\/\\\/www.jglobe.hu\\\/en\\\/product\\\/positioning-feet-steel-hexagonal-external-thread-type-a\\\/#breadcrumb\"},\"inLanguage\":\"en-US\",\"potentialAction\":[{\"@type\":\"ReadAction\",\"target\":[\"https:\\\/\\\/www.jglobe.hu\\\/en\\\/product\\\/positioning-feet-steel-hexagonal-external-thread-type-a\\\/\"]}]},{\"@type\":\"ImageObject\",\"inLanguage\":\"en-US\",\"@id\":\"https:\\\/\\\/www.jglobe.hu\\\/en\\\/product\\\/positioning-feet-steel-hexagonal-external-thread-type-a\\\/#primaryimage\",\"url\":\"https:\\\/\\\/www.jglobe.hu\\\/wp-content\\\/uploads\\\/2026\\\/03\\\/17-scaled.jpg\",\"contentUrl\":\"https:\\\/\\\/www.jglobe.hu\\\/wp-content\\\/uploads\\\/2026\\\/03\\\/17-scaled.jpg\",\"width\":1928,\"height\":2560},{\"@type\":\"BreadcrumbList\",\"@id\":\"https:\\\/\\\/www.jglobe.hu\\\/en\\\/product\\\/positioning-feet-steel-hexagonal-external-thread-type-a\\\/#breadcrumb\",\"itemListElement\":[{\"@type\":\"ListItem\",\"position\":1,\"name\":\"Kezd\u0151lap\",\"item\":\"https:\\\/\\\/www.jglobe.hu\\\/en\\\/\"},{\"@type\":\"ListItem\",\"position\":2,\"name\":\"Shop\",\"item\":\"https:\\\/\\\/www.jglobe.hu\\\/en\\\/shop\\\/\"},{\"@type\":\"ListItem\",\"position\":3,\"name\":\"Positioning feet, steel hexagonal, external thread type A\"}]},{\"@type\":\"WebSite\",\"@id\":\"https:\\\/\\\/www.jglobe.hu\\\/#website\",\"url\":\"https:\\\/\\\/www.jglobe.hu\\\/\",\"name\":\"Julius-Globe\",\"description\":\"A NAVIGATOR f\u00e9mipari tud\u00e1sk\u00f6zpontja\",\"publisher\":{\"@id\":\"https:\\\/\\\/www.jglobe.hu\\\/#organization\"},\"potentialAction\":[{\"@type\":\"SearchAction\",\"target\":{\"@type\":\"EntryPoint\",\"urlTemplate\":\"https:\\\/\\\/www.jglobe.hu\\\/?s={search_term_string}\"},\"query-input\":{\"@type\":\"PropertyValueSpecification\",\"valueRequired\":true,\"valueName\":\"search_term_string\"}}],\"inLanguage\":\"en-US\"},{\"@type\":\"Organization\",\"@id\":\"https:\\\/\\\/www.jglobe.hu\\\/#organization\",\"name\":\"Julius-Globe\",\"url\":\"https:\\\/\\\/www.jglobe.hu\\\/\",\"logo\":{\"@type\":\"ImageObject\",\"inLanguage\":\"en-US\",\"@id\":\"https:\\\/\\\/www.jglobe.hu\\\/#\\\/schema\\\/logo\\\/image\\\/\",\"url\":\"https:\\\/\\\/www.jglobe.hu\\\/wp-content\\\/uploads\\\/2026\\\/03\\\/JG-fekvo-szines-kicsi.png\",\"contentUrl\":\"https:\\\/\\\/www.jglobe.hu\\\/wp-content\\\/uploads\\\/2026\\\/03\\\/JG-fekvo-szines-kicsi.png\",\"width\":2484,\"height\":1069,\"caption\":\"Julius-Globe\"},\"image\":{\"@id\":\"https:\\\/\\\/www.jglobe.hu\\\/#\\\/schema\\\/logo\\\/image\\\/\"},\"sameAs\":[\"https:\\\/\\\/www.facebook.com\\\/juliusglobekft\\\/?locale=hu_HU\"]}]}<\/script>\n<!-- \/ Yoast SEO plugin. -->","yoast_head_json":{"title":"Positioning feet, steel hexagonal, external thread type A - Julius-Globe","robots":{"index":"index","follow":"follow","max-snippet":"max-snippet:-1","max-image-preview":"max-image-preview:large","max-video-preview":"max-video-preview:-1"},"canonical":"https:\/\/www.jglobe.hu\/en\/product\/positioning-feet-steel-hexagonal-external-thread-type-a\/","og_locale":"en_US","og_type":"article","og_title":"Positioning feet, steel hexagonal, external thread type A - Julius-Globe","og_url":"https:\/\/www.jglobe.hu\/en\/product\/positioning-feet-steel-hexagonal-external-thread-type-a\/","og_site_name":"Julius-Globe","article_publisher":"https:\/\/www.facebook.com\/juliusglobekft\/?locale=hu_HU","og_image":[{"width":1928,"height":2560,"url":"https:\/\/www.jglobe.hu\/wp-content\/uploads\/2026\/03\/17-scaled.jpg","type":"image\/jpeg"}],"twitter_card":"summary_large_image","schema":{"@context":"https:\/\/schema.org","@graph":[{"@type":"WebPage","@id":"https:\/\/www.jglobe.hu\/en\/product\/positioning-feet-steel-hexagonal-external-thread-type-a\/","url":"https:\/\/www.jglobe.hu\/en\/product\/positioning-feet-steel-hexagonal-external-thread-type-a\/","name":"Positioning feet, steel hexagonal, external thread type A - Julius-Globe","isPartOf":{"@id":"https:\/\/www.jglobe.hu\/#website"},"primaryImageOfPage":{"@id":"https:\/\/www.jglobe.hu\/en\/product\/positioning-feet-steel-hexagonal-external-thread-type-a\/#primaryimage"},"image":{"@id":"https:\/\/www.jglobe.hu\/en\/product\/positioning-feet-steel-hexagonal-external-thread-type-a\/#primaryimage"},"thumbnailUrl":"https:\/\/www.jglobe.hu\/wp-content\/uploads\/2026\/03\/17-scaled.jpg","datePublished":"2026-03-23T08:43:34+00:00","breadcrumb":{"@id":"https:\/\/www.jglobe.hu\/en\/product\/positioning-feet-steel-hexagonal-external-thread-type-a\/#breadcrumb"},"inLanguage":"en-US","potentialAction":[{"@type":"ReadAction","target":["https:\/\/www.jglobe.hu\/en\/product\/positioning-feet-steel-hexagonal-external-thread-type-a\/"]}]},{"@type":"ImageObject","inLanguage":"en-US","@id":"https:\/\/www.jglobe.hu\/en\/product\/positioning-feet-steel-hexagonal-external-thread-type-a\/#primaryimage","url":"https:\/\/www.jglobe.hu\/wp-content\/uploads\/2026\/03\/17-scaled.jpg","contentUrl":"https:\/\/www.jglobe.hu\/wp-content\/uploads\/2026\/03\/17-scaled.jpg","width":1928,"height":2560},{"@type":"BreadcrumbList","@id":"https:\/\/www.jglobe.hu\/en\/product\/positioning-feet-steel-hexagonal-external-thread-type-a\/#breadcrumb","itemListElement":[{"@type":"ListItem","position":1,"name":"Kezd\u0151lap","item":"https:\/\/www.jglobe.hu\/en\/"},{"@type":"ListItem","position":2,"name":"Shop","item":"https:\/\/www.jglobe.hu\/en\/shop\/"},{"@type":"ListItem","position":3,"name":"Positioning feet, steel hexagonal, external thread type A"}]},{"@type":"WebSite","@id":"https:\/\/www.jglobe.hu\/#website","url":"https:\/\/www.jglobe.hu\/","name":"Julius-Globe","description":"A NAVIGATOR f\u00e9mipari tud\u00e1sk\u00f6zpontja","publisher":{"@id":"https:\/\/www.jglobe.hu\/#organization"},"potentialAction":[{"@type":"SearchAction","target":{"@type":"EntryPoint","urlTemplate":"https:\/\/www.jglobe.hu\/?s={search_term_string}"},"query-input":{"@type":"PropertyValueSpecification","valueRequired":true,"valueName":"search_term_string"}}],"inLanguage":"en-US"},{"@type":"Organization","@id":"https:\/\/www.jglobe.hu\/#organization","name":"Julius-Globe","url":"https:\/\/www.jglobe.hu\/","logo":{"@type":"ImageObject","inLanguage":"en-US","@id":"https:\/\/www.jglobe.hu\/#\/schema\/logo\/image\/","url":"https:\/\/www.jglobe.hu\/wp-content\/uploads\/2026\/03\/JG-fekvo-szines-kicsi.png","contentUrl":"https:\/\/www.jglobe.hu\/wp-content\/uploads\/2026\/03\/JG-fekvo-szines-kicsi.png","width":2484,"height":1069,"caption":"Julius-Globe"},"image":{"@id":"https:\/\/www.jglobe.hu\/#\/schema\/logo\/image\/"},"sameAs":["https:\/\/www.facebook.com\/juliusglobekft\/?locale=hu_HU"]}]}},"_links":{"self":[{"href":"https:\/\/www.jglobe.hu\/en\/wp-json\/wp\/v2\/product\/4797","targetHints":{"allow":["GET"]}}],"collection":[{"href":"https:\/\/www.jglobe.hu\/en\/wp-json\/wp\/v2\/product"}],"about":[{"href":"https:\/\/www.jglobe.hu\/en\/wp-json\/wp\/v2\/types\/product"}],"wp:featuredmedia":[{"embeddable":true,"href":"https:\/\/www.jglobe.hu\/en\/wp-json\/wp\/v2\/media\/3860"}],"wp:attachment":[{"href":"https:\/\/www.jglobe.hu\/en\/wp-json\/wp\/v2\/media?parent=4797"}],"wp:term":[{"taxonomy":"product_brand","embeddable":true,"href":"https:\/\/www.jglobe.hu\/en\/wp-json\/wp\/v2\/product_brand?post=4797"},{"taxonomy":"product_cat","embeddable":true,"href":"https:\/\/www.jglobe.hu\/en\/wp-json\/wp\/v2\/product_cat?post=4797"},{"taxonomy":"product_tag","embeddable":true,"href":"https:\/\/www.jglobe.hu\/en\/wp-json\/wp\/v2\/product_tag?post=4797"}],"curies":[{"name":"wp","href":"https:\/\/api.w.org\/{rel}","templated":true}]}}